{"id":3,"date":"2022-05-27T23:07:12","date_gmt":"2022-05-27T23:07:12","guid":{"rendered":"https:\/\/consultoragropecuario.com.ar\/?page_id=3"},"modified":"2022-08-16T19:38:08","modified_gmt":"2022-08-16T22:38:08","slug":"privacy-policy","status":"publish","type":"page","link":"https:\/\/consultoragropecuario.com.ar\/index.php\/privacy-policy\/","title":{"rendered":"Privacy Policy"},"content":{"rendered":"\t\t<div data-elementor-type=\"wp-page\" data-elementor-id=\"3\" class=\"elementor elementor-3\">\n\t\t\t\t\t\t<section class=\"elementor-section elementor-top-section elementor-element elementor-element-771c9925 elementor-section-boxed elementor-section-height-default elementor-section-height-default\" data-id=\"771c9925\" data-element_type=\"section\">\n\t\t\t\t\t\t<div class=\"elementor-container elementor-column-gap-default\">\n\t\t\t\t\t<div class=\"elementor-column elementor-col-100 elementor-top-column elementor-element elementor-element-49633e06\" data-id=\"49633e06\" data-element_type=\"column\">\n\t\t\t<div class=\"elementor-widget-wrap elementor-element-populated\">\n\t\t\t\t\t\t<div class=\"elementor-element elementor-element-242eb8c4 elementor-widget elementor-widget-text-editor\" data-id=\"242eb8c4\" data-element_type=\"widget\" data-widget_type=\"text-editor.default\">\n\t\t\t\t<div class=\"elementor-widget-container\">\n\t\t\t<style>\/*! elementor - v3.19.0 - 29-01-2024 *\/\n.elementor-widget-text-editor.elementor-drop-cap-view-stacked .elementor-drop-cap{background-color:#69727d;color:#fff}.elementor-widget-text-editor.elementor-drop-cap-view-framed .elementor-drop-cap{color:#69727d;border:3px solid;background-color:transparent}.elementor-widget-text-editor:not(.elementor-drop-cap-view-default) .elementor-drop-cap{margin-top:8px}.elementor-widget-text-editor:not(.elementor-drop-cap-view-default) .elementor-drop-cap-letter{width:1em;height:1em}.elementor-widget-text-editor .elementor-drop-cap{float:left;text-align:center;line-height:1;font-size:50px}.elementor-widget-text-editor .elementor-drop-cap-letter{display:inline-block}<\/style>\t\t\t\t<!-- wp:heading -->\n<div class=\"h1-wrapper\">\n<h1 id=\"page-title\" class=\"title\">Pol\u00edtica de Privacidad y Cookies<\/h1>\n<\/div>\n<div class=\"nv-template sidebar-right-cleared-top-and-bottom-rows\">\n<div class=\"nv-row top empty\">\n<div class=\"row-inside\">\u00a0<\/div>\n<\/div>\n<div class=\"nv-row middle inline-panes empty\">\n<div class=\"row-inside\">\u00a0<\/div>\n<\/div>\n<div class=\"nv-row middle full empty\">\n<div class=\"row-inside\">\u00a0<\/div>\n<\/div>\n<div class=\"nv-row middle sidebar\">\n<div class=\"row-inside\">\n<div class=\"column center\">\n<div class=\"col-inside\">\n<div class=\"panel-pane pane-entity-field pane-node-body\">\n<div class=\"pane-wrapper\">\n<div class=\"pane-content\">\n<div class=\"field field-name-body field-type-text-with-summary field-label-hidden\">\n<div class=\"field-items\">\n<div class=\"field-item even\">\n<p>Esta Pol\u00edtica de Privacidad describe el modo en el que se recopila, almacena y utiliza la informaci\u00f3n sobre las personas que visitan este sitio web. Al utilizar este sitio web, aprueba la recopilaci\u00f3n y el uso de sus datos personales como se establece en esta Pol\u00edtica de Privacidad. Tambi\u00e9n reconoce que Consultor Agropecuario puede cambiar, modificar, a\u00f1adir, eliminar o actualizar de cualquier otro modo esta Pol\u00edtica de Privacidad, seg\u00fan considere, sin aviso previo. Sin embargo, siempre se tratar\u00e1 su informaci\u00f3n personal de acuerdo con la Pol\u00edtica de Privacidad vigente en el momento de su recopilaci\u00f3n. Nuestra intenci\u00f3n es publicar los cambios de la Pol\u00edtica de Privacidad en esta p\u00e1gina, para que usted disponga de toda la informaci\u00f3n acerca de los tipos de informaci\u00f3n que recopilamos, el modo en el que la utilizamos y las circunstancias en las que se puede divulgar. Nuestra Pol\u00edtica de Privacidad se encuentra en nuestra p\u00e1gina principal, as\u00ed como en cualquier p\u00e1gina en la que se soliciten Datos Personales. En todas las secciones en las que se recaben Datos Personales, se proporcionar\u00e1, de ser necesaria, una explicaci\u00f3n ampliada sobre los fines para los cuales se utilizar\u00e1n los datos solicitados.<\/p>\n<p><strong>1. Compromiso de privacidad<\/strong><\/p>\n<p>El t\u00e9rmino \u201cDatos Personales\u201d, tal como se emplea en esta Pol\u00edtica de Privacidad, hace referencia a la informaci\u00f3n que puede utilizarse para identificarlo, como su nombre, fecha de nacimiento, direcci\u00f3n de correo electr\u00f3nico, direcci\u00f3n postal o n\u00famero de tel\u00e9fono. Generalmente, procesaremos los Datos Personales exclusivamente como se describe en esta Pol\u00edtica de Privacidad. Sin embargo, nos reservamos el derecho de llevar a cabo un procesamiento adicional en la medida en la que lo permita o lo requiera la legislaci\u00f3n o como complemento de alguna investigaci\u00f3n jur\u00eddica o penal.<\/p>\n<p>La siguiente secci\u00f3n explica c\u00f3mo y d\u00f3nde recopilamos sus Datos Personales.<\/p>\n<p><strong>2. Uso previsto de los Datos Personales<\/strong><\/p>\n<p>La mayor\u00eda de nuestros servicios no requieren ning\u00fan tipo de registro, lo que le permitir\u00e1 visitar nuestra p\u00e1gina web sin necesidad de identificarse. Sin embargo, algunos de los servicios le pedir\u00e1n que nos proporcione sus Datos Personales. En estas situaciones, si elige no proporcionarnos sus Datos Personales solicitados, puede que no tenga acceso a algunas secciones de la p\u00e1gina web y que nosotros no podamos responder a su consulta.<\/p>\n<p>Todos los Datos Personales recabados a trav\u00e9s de esta p\u00e1gina web se incluir\u00e1n en una base de datos de titularidad de Consultor Agropecuario, con el objetivo de proporcionarle y\/o facturarle los productos o servicios que haya solicitado, as\u00ed como para mantenerle informado, incluso por medios electr\u00f3nicos, sobre productos y servicios de Consultor Agropecuario que consideramos que pueden ser de su inter\u00e9s. En todo caso, la utilizaci\u00f3n de sus datos para cualquier otra finalidad le ser\u00e1 comunicada antes de proceder a su tratamiento.<\/p>\n<p><strong>3. Confidencialidad de Datos Personales<\/strong><\/p>\n<p>Nos comprometemos a no vender, difundir o distribuir de ning\u00fan otro modo sus Datos Personales a terceros, excepto en los casos dispuestos en la presente \u00a0Pol\u00edtica de Privacidad. Asimismo, los Datos Personales se pueden transferir a terceros que act\u00faen en nuestro nombre para que los procesen de conformidad con los fines para los que se recopilaron originalmente o pueden procesarse de otro modo legal, como prestaci\u00f3n de servicios, evaluaci\u00f3n de la utilidad del sitio web, marketing, gesti\u00f3n de datos o asistencia t\u00e9cnica. Estos terceros han suscrito un contrato con nosotros para utilizar exclusivamente los Datos Personales para los fines acordados y no vender ni divulgar sus Datos Personales a otros terceros, salvo que lo requiera la legislaci\u00f3n, lo permitamos nosotros o se indique en esta Pol\u00edtica de Privacidad.<\/p>\n<p>Asimismo, sus Datos Personales recopilados pueden transferirse a terceros en caso de que el negocio relacionado con esta p\u00e1gina web y los datos de los clientes relacionados con \u00e9l se vendan, adjudiquen o cedan de forma total o parcial; en tal caso, le pedir\u00edamos al comprador, adjudicatario o cesionario que trate los Datos Personales de acuerdo con esta Pol\u00edtica de Privacidad. Asimismo, los Datos Personales podr\u00e1n divulgarse a terceros si fu\u00e9ramos requeridos para actuar de este modo con base en la legislaci\u00f3n vigente, una orden judicial o un reglamento gubernamental o si dicha divulgaci\u00f3n fuera necesaria, de alg\u00fan otro modo, para respaldar una investigaci\u00f3n o un procedimiento judicial o penal aqu\u00ed o en el extranjero.<\/p>\n<p><strong>4. \u00a0Derecho de acceso, rectificaci\u00f3n y supresi\u00f3n<\/strong><\/p>\n<p>Siempre que procesamos Datos Personales, tomamos las medidas razonables para garantizar que sus Datos Personales se mantengan precisos y actualizados para los fines para los que fueron recopilados.<\/p>\n<p>De conformidad con la Ley N\u00ba 25.326 de Protecci\u00f3n de los Datos Personales, usted tiene la facultad de ejercer el derecho de acceso a los mismos en forma gratuita a intervalos no inferiores a seis meses, salvo que acredite un inter\u00e9s leg\u00edtimo al efecto conforme lo establecido en el art\u00edculo 14, inciso 3 de la ley 25.326. Asimismo, podr\u00e1 ejercer los derechos de rectificaci\u00f3n y supresi\u00f3n.<\/p>\n<p>La\u00a0Agencia\u00a0de\u00a0Acceso\u00a0a\u00a0la\u00a0Informaci\u00f3n P\u00fablica, en su car\u00e1cter de \u00d3rgano de Control de la Ley N\u00b0 25.326, tiene la atribuci\u00f3n de atender las denuncias y reclamos que interpongan quienes resulten afectados en sus derechos por incumplimiento de las normas vigentes en materia de protecci\u00f3n de datos personales.<\/p>\n<p><strong>5. Seguridad y confidencialidad<\/strong><\/p>\n<p>Consultor Agropecuario ha adoptado y mantiene las medidas de seguridad, administrativas, t\u00e9cnicas y f\u00edsicas, necesarias y razonables para proteger sus Datos Personales contra da\u00f1o, p\u00e9rdida, alteraci\u00f3n, destrucci\u00f3n o el uso, acceso o tratamiento no autorizados. Procuramos que las medidas de seguridad adoptadas sean las adecuadas para mantener correctamente resguardados sus datos personales.<\/p>\n<p>En lo que respecta a la informaci\u00f3n de datos personales sensibles, hacemos los esfuerzos razonables con el fin que se limite el periodo del tratamiento y siempre apegados a la finalidad para los cuales se recaban.<\/p>\n<p><strong>6. <\/strong><strong>\u00a0Cookies y etiquetas de internet<\/strong><\/p>\n<p>Podremos recopilar y procesar informaci\u00f3n sobre su visita a este sitio web, como las p\u00e1ginas que visita, el sitio web desde el que accede y algunas b\u00fasquedas que realiza. Dicha informaci\u00f3n se emplea para ayudarnos a mejorar el contenido del sitio y recopilar estad\u00edsticas totales sobre las personas que utilizan nuestro sitio web para uso interno y de investigaci\u00f3n de mercado. Para ello, instalaremos cookies que recopilen el nombre del dominio de usuario, su proveedor de servicios de internet, su sistema operativo y la fecha y la hora de acceso. Una cookie es una informaci\u00f3n que se env\u00eda a su navegador y se almacena en el disco duro de su ordenador. Las cookies no da\u00f1an su ordenador.<\/p>\n<p>De manera ocasional, podremos emplear etiquetas de internet (conocidas como etiquetas de acci\u00f3n, GIF de un s\u00f3lo p\u00edxel, GIF transparentes, GIF invisibles y GIF 1\u00d71) y cookies en este sitio y podremos utilizar dichas etiquetas\/cookies mediante un tercero proveedor de servicios de publicidad o un tercero proveedor de servicios de an\u00e1lisis web que podr\u00eda conservar la informaci\u00f3n correspondiente (incluida su direcci\u00f3n IP) en un pa\u00eds extranjero. Estas etiquetas\/cookies se encuentran en anuncios en l\u00ednea que atraen usuarios a este sitio web y a diversas p\u00e1ginas de este sitio. Empleamos esta tecnolog\u00eda para medir las respuestas de los visitantes a nuestros sitios web y la eficacia de nuestras campa\u00f1as de publicidad (incluidas las veces que se abre una p\u00e1gina y qu\u00e9 informaci\u00f3n se consulta) y para evaluar el uso de este sitio web por su parte. El tercero proveedor de servicios de publicidad o el tercero proveedor de servicios de an\u00e1lisis web podr\u00e1 recopilar datos sobre los visitantes de nuestro sitio u otros sitios gracias a estas etiquetas de internet\/cookies, podr\u00e1 redactar informes para nosotros sobre la actividad del sitio web y proporcionar m\u00e1s servicios relacionados con el uso de este sitio web e internet. Podr\u00e1n proporcionar tal informaci\u00f3n a otras partes si media un requerimiento judicial o si contratan a terceros para que procesen la informaci\u00f3n en su nombre.<\/p>\n<p><strong>7. Google Analytics<\/strong><\/p>\n<p>Utilizamos \u201cGoogle Analytics\u201d para racionalizar nuestra cartera de sitios web (i) optimizando el tr\u00e1fico hacia y entre sitios web corporativos e (ii) integrando y optimizando p\u00e1ginas web, si procede. \u201cGoogle Analytics\u201d es un servicio ofrecido por Google Inc. (Google en adelante), que genera estad\u00edsticas detalladas sobre el tr\u00e1fico de un sitio web y los or\u00edgenes del tr\u00e1fico y mide las conversiones y las ventas. \u201cGoogle Analytics\u201d emplea cookies almacenadas en su ordenador para analizar el modo en el que los usuarios utilizan nuestro sitio web.<\/p>\n<p>La informaci\u00f3n generada por las cookies sobre su uso del sitio web, incluida su direcci\u00f3n IP, se convertir\u00e1 en an\u00f3nima mediante el uso de los ajustes adecuados (funci\u00f3n \u201c_anonymizelp()\u201d o equivalente) y se transmitir\u00e1 a los servidores de Google de los Estados Unidos.<\/p>\n<p>En nuestro nombre, Google emplear\u00e1 la informaci\u00f3n generada por las cookies para evaluar el uso de nuestro sitio web, recopilar informes sobre la actividad del sitio web y nos proporcionar\u00e1 dichos informes para fines anal\u00edticos.<\/p>\n<p>Google podr\u00e1 ceder esta informaci\u00f3n a terceros en caso de una obligaci\u00f3n legal o si un tercero procesa los datos en nombre de Google. Google no combinar\u00e1 ni asociar\u00e1, en ning\u00fan caso, su direcci\u00f3n IP a otros datos almacenados por \u00e9l.<\/p>\n<p>Podr\u00e1 evitar o detener la instalaci\u00f3n y el almacenamiento de cookies mediante la configuraci\u00f3n de su navegador descargando e instalando el Complemento de inhabilitaci\u00f3n para navegadores de Google Analytics gratuito, disponible en\u00a0<a class=\"extlink\" href=\"https:\/\/tools.google.com\/dlpage\/gaoptout?hl=en\" target=\"_blank\" rel=\"noopener noreferrer\" data-extlink=\"\">https:\/\/tools.google.com\/dlpage\/gaoptout?hl=en<\/a>\u00a0(el enlace es externo).<\/p>\n<p>Le informamos de que, en tal caso, no podr\u00e1 utilizar \u00edntegramente todas las funciones de nuestro sitio web.<\/p>\n<p>Al utilizar nuestro sitio web, da su consentimiento para procesar cualquier dato personal que Google recopile del modo y para los fines descritos anteriormente.<\/p>\n<p><strong>8<\/strong><strong>. <\/strong><strong>Contacto<\/strong><\/p>\n<p>Si tiene alguna consulta o reclamo sobre el cumplimiento de esta Pol\u00edtica de Privacidad o si le gustar\u00eda hacer alguna recomendaci\u00f3n o comentario para mejorar la calidad de la Pol\u00edtica de Privacidad, env\u00edenos un correo electr\u00f3nico a\u00a0 <a href=\"mailto:cborniego@consultoragropecuario.com.ar\">cborniego@consultoragropecuario.com.ar<\/a><\/p>\n<\/div>\n<\/div>\n<\/div>\n<\/div>\n<\/div>\n<\/div>\n<\/div>\n<\/div>\n<\/div>\n<\/div>\n<\/div>\n<!-- \/wp:paragraph --><!-- wp:paragraph -->\n<p>\u00a0<\/p>\n<!-- \/wp:paragraph -->\t\t\t\t\t\t<\/div>\n\t\t\t\t<\/div>\n\t\t\t\t\t<\/div>\n\t\t<\/div>\n\t\t\t\t\t<\/div>\n\t\t<\/section>\n\t\t\t\t<\/div>\n\t\t","protected":false},"excerpt":{"rendered":"<p>Pol\u00edtica de Privacidad y Cookies \u00a0 \u00a0 \u00a0 Esta Pol\u00edtica de Privacidad describe el modo en el que se recopila, almacena y utiliza la informaci\u00f3n sobre las personas que visitan este sitio web. Al utilizar este sitio web, aprueba la recopilaci\u00f3n y el uso de sus datos personales como se establece en esta Pol\u00edtica de [&hellip;]<\/p>\n","protected":false},"author":1,"featured_media":0,"parent":0,"menu_order":0,"comment_status":"closed","ping_status":"open","template":"","meta":{"om_disable_all_campaigns":false,"_monsterinsights_skip_tracking":false,"_monsterinsights_sitenote_active":false,"_monsterinsights_sitenote_note":"","_monsterinsights_sitenote_category":0,"footnotes":""},"class_list":["post-3","page","type-page","status-publish","hentry"],"aioseo_notices":[],"_links":{"self":[{"href":"https:\/\/consultoragropecuario.com.ar\/index.php\/wp-json\/wp\/v2\/pages\/3","targetHints":{"allow":["GET"]}}],"collection":[{"href":"https:\/\/consultoragropecuario.com.ar\/index.php\/wp-json\/wp\/v2\/pages"}],"about":[{"href":"https:\/\/consultoragropecuario.com.ar\/index.php\/wp-json\/wp\/v2\/types\/page"}],"author":[{"embeddable":true,"href":"https:\/\/consultoragropecuario.com.ar\/index.php\/wp-json\/wp\/v2\/users\/1"}],"replies":[{"embeddable":true,"href":"https:\/\/consultoragropecuario.com.ar\/index.php\/wp-json\/wp\/v2\/comments?post=3"}],"version-history":[{"count":4,"href":"https:\/\/consultoragropecuario.com.ar\/index.php\/wp-json\/wp\/v2\/pages\/3\/revisions"}],"predecessor-version":[{"id":853,"href":"https:\/\/consultoragropecuario.com.ar\/index.php\/wp-json\/wp\/v2\/pages\/3\/revisions\/853"}],"wp:attachment":[{"href":"https:\/\/consultoragropecuario.com.ar\/index.php\/wp-json\/wp\/v2\/media?parent=3"}],"curies":[{"name":"wp","href":"https:\/\/api.w.org\/{rel}","templated":true}]}}